{"id":812,"date":"2021-02-12T09:04:40","date_gmt":"2021-02-12T08:04:40","guid":{"rendered":"https:\/\/ago-ovar.de\/profile\/executive-board\/"},"modified":"2025-09-25T14:47:42","modified_gmt":"2025-09-25T12:47:42","slug":"executive-board","status":"publish","type":"page","link":"https:\/\/ago-ovar.de\/en\/profile\/executive-board\/","title":{"rendered":"Executive Board"},"content":{"rendered":"<p>[et_pb_section fb_built=&#8221;1&#8243; specialty=&#8221;on&#8221; _builder_version=&#8221;4.16&#8243; background_color=&#8221;#e0edf9&#8243; global_colors_info=&#8221;{}&#8221;][et_pb_column type=&#8221;3_4&#8243; specialty_columns=&#8221;3&#8243; _builder_version=&#8221;4.16&#8243; custom_padding=&#8221;|||&#8221; global_colors_info=&#8221;{}&#8221; custom_padding__hover=&#8221;|||&#8221;][et_pb_row_inner _builder_version=&#8221;4.16&#8243; custom_padding=&#8221;||13px|||&#8221; global_colors_info=&#8221;{}&#8221;][et_pb_column_inner saved_specialty_column_type=&#8221;3_4&#8243; _builder_version=&#8221;4.16&#8243; global_colors_info=&#8221;{}&#8221;][et_pb_text _builder_version=&#8221;4.16&#8243; text_text_color=&#8221;#000000&#8243; header_font=&#8221;|700||on|||||&#8221; header_text_color=&#8221;#11487E&#8221; header_2_text_color=&#8221;#11487E&#8221; custom_margin=&#8221;||8px|||&#8221; global_colors_info=&#8221;{}&#8221;]<\/p>\n<h1>Members of the Executive Board<\/h1>\n<p>[\/et_pb_text][\/et_pb_column_inner][\/et_pb_row_inner][et_pb_row_inner _builder_version=&#8221;4.16&#8243; global_colors_info=&#8221;{}&#8221;][et_pb_column_inner saved_specialty_column_type=&#8221;3_4&#8243; _builder_version=&#8221;4.16&#8243; global_colors_info=&#8221;{}&#8221;][et_pb_accordion open_toggle_background_color=&#8221;#306793&#8243; closed_toggle_background_color=&#8221;#104070&#8243; icon_color=&#8221;#AAC1D6&#8243; use_icon_font_size=&#8221;on&#8221; icon_font_size=&#8221;28px&#8221; _builder_version=&#8221;4.25.2&#8243; toggle_text_color=&#8221;#ffffff&#8221; toggle_font_size=&#8221;22px&#8221; body_text_color=&#8221;#ffffff&#8221; global_colors_info=&#8221;{}&#8221;][et_pb_accordion_item title=&#8221;Prof. Dr. Philipp Harter&#8221; open=&#8221;off&#8221; open_toggle_text_color=&#8221;#000000&#8243; open_toggle_background_color=&#8221;#ffffff&#8221; _builder_version=&#8221;4.16&#8243; body_text_color=&#8221;#595959&#8243; body_font_size=&#8221;18px&#8221; global_colors_info=&#8221;{}&#8221;]<\/p>\n<p>Evang. Kliniken Essen-Mitte<\/p>\n<p>Klinik f\u00fcr Gyn\u00e4kologische Onkologie<br \/>Henricistra\u00dfe 92<br \/>45136 Essen<\/p>\n<p>Fon: 0201 174 34002<\/p>\n<p>Speaker of the Executive Board<\/p>\n<p>[\/et_pb_accordion_item][et_pb_accordion_item title=&#8221;Prof. Dr. Sven Mahner&#8221; open_toggle_text_color=&#8221;#000000&#8243; open_toggle_background_color=&#8221;#ffffff&#8221; _builder_version=&#8221;4.16&#8243; body_text_color=&#8221;#595959&#8243; body_font_size=&#8221;18px&#8221; global_colors_info=&#8221;{}&#8221; open=&#8221;off&#8221;]<\/p>\n<p>LMU Klinikum<\/p>\n<p>Klinik und Poliklinik f\u00fcr Frauenheilunde und Geburtshilfe<br \/>Marchioninistr.15<br \/>81377 M\u00fcnchen<\/p>\n<p>Fon: 089 4400\u201374531<\/p>\n<p>Deputy Speaker of the Executive Board<\/p>\n<p>[\/et_pb_accordion_item][et_pb_accordion_item title=&#8221;PD Dr. Nikolaus de Gregorio&#8221; open_toggle_text_color=&#8221;#000000&#8243; open_toggle_background_color=&#8221;#ffffff&#8221; _builder_version=&#8221;4.16&#8243; body_text_color=&#8221;#595959&#8243; body_font_size=&#8221;18px&#8221; global_colors_info=&#8221;{}&#8221; open=&#8221;off&#8221;]<\/p>\n<p>Universit\u00e4tsfrauenklinik Ulm<br \/>Prittwitzstra\u00dfe 43<br \/>89075 Ulm<\/p>\n<p>Fon: 0731 500 58688<\/p>\n<p>[\/et_pb_accordion_item][et_pb_accordion_item title=&#8221;PD Dr. Lars Christian Hanker&#8221; open_toggle_text_color=&#8221;#000000&#8243; open_toggle_background_color=&#8221;#ffffff&#8221; _builder_version=&#8221;4.25.2&#8243; body_text_color=&#8221;#595959&#8243; body_font_size=&#8221;18px&#8221; global_colors_info=&#8221;{}&#8221; open=&#8221;off&#8221;]<\/p>\n<p>Klinik f\u00fcr Gyn\u00e4kologie und Geburtshilfe<br \/>Universit\u00e4tsklinikum M\u00fcnster<br \/>Albert-Schweitzer-Campus 1<br \/>48149 M\u00fcnster<\/p>\n<p>Fon: 0251 83 48201<\/p>\n<p>[\/et_pb_accordion_item][et_pb_accordion_item title=&#8221;Dr. Florian Heitz&#8221; open_toggle_text_color=&#8221;#000000&#8243; open_toggle_background_color=&#8221;#ffffff&#8221; _builder_version=&#8221;4.16&#8243; body_text_color=&#8221;#595959&#8243; body_font_size=&#8221;18px&#8221; global_colors_info=&#8221;{}&#8221; open=&#8221;on&#8221;]<\/p>\n<p>Evang. Kliniken Essen-Mitte<\/p>\n<p>Klinik f\u00fcr Gyn\u00e4kologische Onkologie<br \/>Henricistra\u00dfe 92<br \/>45136 Essen<\/p>\n<p>Fon: 0201 174 34002<\/p>\n<p>[\/et_pb_accordion_item][et_pb_accordion_item title=&#8221;Prof. Dr. Felix Hilpert&#8221; open_toggle_text_color=&#8221;#000000&#8243; open_toggle_background_color=&#8221;#ffffff&#8221; _builder_version=&#8221;4.16&#8243; body_text_color=&#8221;#595959&#8243; body_font_size=&#8221;18px&#8221; global_colors_info=&#8221;{}&#8221; open=&#8221;off&#8221;]<\/p>\n<p>Onkologisches Therapiezentrum<br \/> am Krankenhaus Jerusalem<br \/> Moorkamp 2 &#8211; 6<br \/> 20357 Hamburg<\/p>\n<p>Fon: 040 44190550<\/p>\n<p>[\/et_pb_accordion_item][et_pb_accordion_item title=&#8221;Prof. Dr. Frederik Marm\u00e9&#8221; open_toggle_text_color=&#8221;#000000&#8243; open_toggle_background_color=&#8221;#ffffff&#8221; _builder_version=&#8221;4.16&#8243; body_text_color=&#8221;#595959&#8243; body_font_size=&#8221;18px&#8221; global_colors_info=&#8221;{}&#8221; open=&#8221;off&#8221;]<\/p>\n<p>Universit\u00e4tsklinikum Mannheim<br \/>Frauenklinik<br \/>Theodor-Kutzer-Ufer 1 &#8211; 3<br \/>68167 Mannheim<\/p>\n<p>Fon: 0621 383 3452<\/p>\n<p>[\/et_pb_accordion_item][et_pb_accordion_item title=&#8221;Prof. Dr. Jalid Sehouli&#8221; open_toggle_text_color=&#8221;#000000&#8243; open_toggle_background_color=&#8221;#ffffff&#8221; _builder_version=&#8221;4.16&#8243; body_text_color=&#8221;#595959&#8243; body_font_size=&#8221;18px&#8221; global_colors_info=&#8221;{}&#8221; open=&#8221;off&#8221;]<\/p>\n<p>Klinik f\u00fcr Frauenheilkunde und Geburtshilfe<\/p>\n<p>Charit\u00e9 Campus Virchow-Klinikum<br \/> Augustenburger Platz 1<br \/> 13355 Berlin<\/p>\n<p>Fon: 030 450-50<\/p>\n<p>[\/et_pb_accordion_item][et_pb_accordion_item title=&#8221;Prof. Dr. Linn W\u00f6lber&#8221; open_toggle_text_color=&#8221;#000000&#8243; open_toggle_background_color=&#8221;#ffffff&#8221; _builder_version=&#8221;4.16&#8243; body_text_color=&#8221;#595959&#8243; body_font_size=&#8221;18px&#8221; global_colors_info=&#8221;{}&#8221; open=&#8221;off&#8221;]<\/p>\n<p>Universit\u00e4tsklinikum Hamburg-Eppendorf<\/p>\n<p>Klinik und Poliklinik f\u00fcr Gyn\u00e4kologie<br \/> Martinistra\u00dfe 52<br \/> 20246 Hamburg<\/p>\n<p>Fon: 040 42803-0<br \/> Tel. 0351 458-3420<\/p>\n<p>[\/et_pb_accordion_item][\/et_pb_accordion][\/et_pb_column_inner][\/et_pb_row_inner][\/et_pb_column][et_pb_column type=&#8221;1_4&#8243; _builder_version=&#8221;4.16&#8243; custom_padding=&#8221;|||&#8221; global_colors_info=&#8221;{}&#8221; custom_padding__hover=&#8221;|||&#8221;][et_pb_sidebar area=&#8221;et_pb_widget_area_1&#8243; show_border=&#8221;off&#8221; admin_label=&#8221;Seitenleiste&#8221; _builder_version=&#8221;4.16&#8243; header_text_color=&#8221;#000000&#8243; body_font=&#8221;|700|||||||&#8221; body_text_color=&#8221;#ef5b21&#8243; background_color=&#8221;rgba(255,255,255,0.6)&#8221; background_enable_color=&#8221;off&#8221; min_height=&#8221;257px&#8221; custom_padding=&#8221;8%|4%|4%|8%|false|false&#8221; saved_tabs=&#8221;all&#8221; global_colors_info=&#8221;{}&#8221;][\/et_pb_sidebar][\/et_pb_column][\/et_pb_section]<\/p>\n","protected":false},"excerpt":{"rendered":"<p>Members of the Executive BoardEvang. Kliniken Essen-Mitte Klinik f\u00fcr Gyn\u00e4kologische OnkologieHenricistra\u00dfe 9245136 Essen Fon: 0201 174 34002 Speaker of the Executive BoardLMU Klinikum Klinik und Poliklinik f\u00fcr Frauenheilunde und GeburtshilfeMarchioninistr.1581377 M\u00fcnchen Fon: 089 4400\u201374531 Deputy Speaker of the Executive BoardUniversit\u00e4tsfrauenklinik UlmPrittwitzstra\u00dfe 4389075 Ulm Fon: 0731 500 58688Klinik f\u00fcr Gyn\u00e4kologie und GeburtshilfeUniversit\u00e4tsklinikum M\u00fcnsterAlbert-Schweitzer-Campus 148149 M\u00fcnster Fon: [&hellip;]<\/p>\n","protected":false},"author":2,"featured_media":0,"parent":792,"menu_order":30,"comment_status":"closed","ping_status":"closed","template":"","meta":{"_et_pb_use_builder":"on","_et_pb_old_content":"","_et_gb_content_width":"","footnotes":""},"class_list":["post-812","page","type-page","status-publish","hentry"],"_links":{"self":[{"href":"https:\/\/ago-ovar.de\/en\/wp-json\/wp\/v2\/pages\/812","targetHints":{"allow":["GET"]}}],"collection":[{"href":"https:\/\/ago-ovar.de\/en\/wp-json\/wp\/v2\/pages"}],"about":[{"href":"https:\/\/ago-ovar.de\/en\/wp-json\/wp\/v2\/types\/page"}],"author":[{"embeddable":true,"href":"https:\/\/ago-ovar.de\/en\/wp-json\/wp\/v2\/users\/2"}],"replies":[{"embeddable":true,"href":"https:\/\/ago-ovar.de\/en\/wp-json\/wp\/v2\/comments?post=812"}],"version-history":[{"count":17,"href":"https:\/\/ago-ovar.de\/en\/wp-json\/wp\/v2\/pages\/812\/revisions"}],"predecessor-version":[{"id":2408,"href":"https:\/\/ago-ovar.de\/en\/wp-json\/wp\/v2\/pages\/812\/revisions\/2408"}],"up":[{"embeddable":true,"href":"https:\/\/ago-ovar.de\/en\/wp-json\/wp\/v2\/pages\/792"}],"wp:attachment":[{"href":"https:\/\/ago-ovar.de\/en\/wp-json\/wp\/v2\/media?parent=812"}],"curies":[{"name":"wp","href":"https:\/\/api.w.org\/{rel}","templated":true}]}}