{"id":823,"date":"2021-02-12T09:11:29","date_gmt":"2021-02-12T08:11:29","guid":{"rendered":"https:\/\/ago-ovar.de\/profile\/study-coordinating-group\/"},"modified":"2025-11-27T14:40:06","modified_gmt":"2025-11-27T13:40:06","slug":"study-coordinating-group","status":"publish","type":"page","link":"https:\/\/ago-ovar.de\/en\/profile\/study-coordinating-group\/","title":{"rendered":"Study Coordinating Group"},"content":{"rendered":"<p>[et_pb_section fb_built=&#8221;1&#8243; specialty=&#8221;on&#8221; _builder_version=&#8221;4.16&#8243; background_color=&#8221;#e0edf9&#8243; global_colors_info=&#8221;{}&#8221;][et_pb_column type=&#8221;3_4&#8243; specialty_columns=&#8221;3&#8243; _builder_version=&#8221;4.16&#8243; custom_padding=&#8221;|||&#8221; global_colors_info=&#8221;{}&#8221; custom_padding__hover=&#8221;|||&#8221;][et_pb_row_inner _builder_version=&#8221;4.16&#8243; custom_padding=&#8221;||13px|||&#8221; global_colors_info=&#8221;{}&#8221;][et_pb_column_inner saved_specialty_column_type=&#8221;3_4&#8243; _builder_version=&#8221;4.16&#8243; global_colors_info=&#8221;{}&#8221;][et_pb_text _builder_version=&#8221;4.16&#8243; text_text_color=&#8221;#000000&#8243; header_font=&#8221;|700||on|||||&#8221; header_text_color=&#8221;#11487E&#8221; header_2_text_color=&#8221;#11487E&#8221; custom_margin=&#8221;||8px|||&#8221; global_colors_info=&#8221;{}&#8221;]<\/p>\n<h1>Members of the Study Coordinating Group<\/h1>\n<p>[\/et_pb_text][\/et_pb_column_inner][\/et_pb_row_inner][et_pb_row_inner _builder_version=&#8221;4.16&#8243; global_colors_info=&#8221;{}&#8221;][et_pb_column_inner saved_specialty_column_type=&#8221;3_4&#8243; _builder_version=&#8221;4.16&#8243; global_colors_info=&#8221;{}&#8221;][et_pb_accordion open_toggle_background_color=&#8221;#306793&#8243; closed_toggle_background_color=&#8221;#104070&#8243; icon_color=&#8221;#AAC1D6&#8243; use_icon_font_size=&#8221;on&#8221; icon_font_size=&#8221;28px&#8221; _builder_version=&#8221;4.27.4&#8243; toggle_text_color=&#8221;#ffffff&#8221; toggle_font_size=&#8221;22px&#8221; body_text_color=&#8221;#ffffff&#8221; hover_enabled=&#8221;0&#8243; global_colors_info=&#8221;{}&#8221; sticky_enabled=&#8221;0&#8243;][et_pb_accordion_item title=&#8221;Prof. Dr. Dirk Bauerschlag&#8221; open=&#8221;on&#8221; open_toggle_text_color=&#8221;#000000&#8243; open_toggle_background_color=&#8221;#ffffff&#8221; _builder_version=&#8221;4.27.4&#8243; body_text_color=&#8221;#595959&#8243; body_font_size=&#8221;18px&#8221; global_colors_info=&#8221;{}&#8221;]<\/p>\n<p>Universit\u00e4tsklinikum Jena<br \/>Klinik und Poliklinik f\u00fcr Frauenheilkunde und Fortpflanzungsmedizin<br \/>Am Klinikum 1<br \/>07747 Jena<\/p>\n<p>Fon: +49 3641 9 32 91 01<\/p>\n<p>[\/et_pb_accordion_item][et_pb_accordion_item title=&#8221;Prof. Dr. Elena Ioana Braicu&#8221; open_toggle_text_color=&#8221;#000000&#8243; open_toggle_background_color=&#8221;#ffffff&#8221; _builder_version=&#8221;4.27.4&#8243; body_text_color=&#8221;#595959&#8243; body_font_size=&#8221;18px&#8221; global_colors_info=&#8221;{}&#8221; open=&#8221;off&#8221;]<\/p>\n<p>Klinik f\u00fcr Frauenheilkunde und Geburtshilfe<\/p>\n<p>Charit\u00e9 &#8211; Campus Virchow-Klinikum<br \/>Augustenburger Platz 1<br \/>13355 Berlin<\/p>\n<p>Fon: +49 30 450-50<\/p>\n<p>[\/et_pb_accordion_item][et_pb_accordion_item title=&#8221;Prof. Dr. Holger Bronger&#8221; open_toggle_text_color=&#8221;#000000&#8243; open_toggle_background_color=&#8221;#ffffff&#8221; _builder_version=&#8221;4.27.4&#8243; body_text_color=&#8221;#595959&#8243; body_font_size=&#8221;18px&#8221; global_colors_info=&#8221;{}&#8221; open=&#8221;off&#8221;]<\/p>\n<p>Technische Universit\u00e4t M\u00fcnchen<\/p>\n<p>Klinikum rechts der Isar<\/p>\n<p>Frauenklinik und Poliklinik<br \/>Ismaninger Stra\u00dfe 22<br \/>81675 M\u00fcnchen<\/p>\n<p>Fon: +49 89 4140-5414<\/p>\n<p>[\/et_pb_accordion_item][et_pb_accordion_item title=&#8221;Dr. Alexander Burges&#8221; open_toggle_text_color=&#8221;#000000&#8243; open_toggle_background_color=&#8221;#ffffff&#8221; _builder_version=&#8221;4.27.4&#8243; body_text_color=&#8221;#595959&#8243; body_font_size=&#8221;18px&#8221; global_colors_info=&#8221;{}&#8221; open=&#8221;off&#8221;]<\/p>\n<p>LMU Klinikum<\/p>\n<p>Klinik und Poliklinik f\u00fcr Frauenheilkunde und Geburtshilfe \u2013 Gro\u00dfhadern<br \/>Marchioninistra\u00dfe 15<br \/>81377 M\u00fcnchen<\/p>\n<p>Fon: +49 89 7095-0<\/p>\n<p>[\/et_pb_accordion_item][et_pb_accordion_item title=&#8221;Prof. Dr. Carsten Denkert&#8221; open_toggle_text_color=&#8221;#000000&#8243; open_toggle_background_color=&#8221;#ffffff&#8221; _builder_version=&#8221;4.27.4&#8243; body_text_color=&#8221;#595959&#8243; body_font_size=&#8221;18px&#8221; global_colors_info=&#8221;{}&#8221; open=&#8221;off&#8221;]<\/p>\n<p>Institut f\u00fcr Pathologie<br \/>UKGM &#8211; Universit\u00e4tsklinikum Marburg<br \/>Philipps-Universit\u00e4t Marburg<br \/>Baldingerstra\u00dfe 1<br \/>35043 Marburg<\/p>\n<p>Fon: +49 6421 &#8211; 586 2270<\/p>\n<p>[\/et_pb_accordion_item][et_pb_accordion_item title=&#8221;Prof. Dr. Dominik Denschlag&#8221; open_toggle_text_color=&#8221;#000000&#8243; open_toggle_background_color=&#8221;#ffffff&#8221; _builder_version=&#8221;4.27.4&#8243; body_text_color=&#8221;#595959&#8243; body_font_size=&#8221;18px&#8221; global_colors_info=&#8221;{}&#8221; open=&#8221;off&#8221;]<\/p>\n<p>Hochtaunus-Kliniken gGmbH<\/p>\n<p>Klinik f\u00fcr Gyn\u00e4kologie und Geburgshilfe<\/p>\n<p>Zeppelinstra\u00dfe 20<br \/>61352 Bad Homburg<\/p>\n<p>Fon: +49 6172 14-3166<\/p>\n<p>[\/et_pb_accordion_item][et_pb_accordion_item title=&#8221;Dr. Tobias Engler&#8221; open_toggle_text_color=&#8221;#000000&#8243; open_toggle_background_color=&#8221;#ffffff&#8221; _builder_version=&#8221;4.27.4&#8243; body_text_color=&#8221;#595959&#8243; body_font_size=&#8221;18px&#8221; global_colors_info=&#8221;{}&#8221; open=&#8221;off&#8221;]<\/p>\n<p>Universit\u00e4ts-Frauenklinik T\u00fcbingen<br \/>Calwerstra\u00dfe 7<br \/>72076 T\u00fcbingen<\/p>\n<p>Fon: +49 7071 2982211<\/p>\n<p>[\/et_pb_accordion_item][et_pb_accordion_item title=&#8221;Prof. Dr. Tanja Fehm&#8221; open_toggle_text_color=&#8221;#000000&#8243; open_toggle_background_color=&#8221;#ffffff&#8221; _builder_version=&#8221;4.27.4&#8243; body_text_color=&#8221;#595959&#8243; body_font_size=&#8221;18px&#8221; global_colors_info=&#8221;{}&#8221; open=&#8221;off&#8221;]<\/p>\n<p>Universit\u00e4tsfrauenklinik D\u00fcsseldorf<br \/>Moorenstra\u00dfe 5<br \/>40225 D\u00fcsseldorf<\/p>\n<p>Fon: +49 211 81-17501<\/p>\n<p>[\/et_pb_accordion_item][et_pb_accordion_item title=&#8221;PD Dr. Nikolaus de Gregorio&#8221; open_toggle_text_color=&#8221;#000000&#8243; open_toggle_background_color=&#8221;#ffffff&#8221; _builder_version=&#8221;4.27.4&#8243; body_text_color=&#8221;#595959&#8243; body_font_size=&#8221;18px&#8221; global_colors_info=&#8221;{}&#8221; open=&#8221;off&#8221;]<\/p>\n<p>Universit\u00e4tsfrauenklinik Ulm<br \/>Prittwitzstra\u00dfe 43<br \/>89075 Ulm<\/p>\n<p>Fon: +49 731 500 58688<\/p>\n<p>Speaker of the Cervix Board<\/p>\n<p>[\/et_pb_accordion_item][et_pb_accordion_item title=&#8221;Dr. Niklas Gremke&#8221; open_toggle_text_color=&#8221;#000000&#8243; open_toggle_background_color=&#8221;#ffffff&#8221; _builder_version=&#8221;4.27.4&#8243; body_text_color=&#8221;#595959&#8243; body_font_size=&#8221;18px&#8221; hover_enabled=&#8221;0&#8243; global_colors_info=&#8221;{}&#8221; open=&#8221;off&#8221; sticky_enabled=&#8221;0&#8243;]<\/p>\n<p>Klinik f\u00fcr Gyn\u00e4kologie und\u00a0Geburtshilfe<br \/>Universit\u00e4tsklinikum\u00a0Marburg\u00a0<br \/>Baldingerstra\u00dfe<br \/>35043 Marburg<\/p>\n<p>Fon: +49 6421-58-65775<\/p>\n<p>&nbsp;<\/p>\n<p>[\/et_pb_accordion_item][et_pb_accordion_item title=&#8221;Dr. Martina Gropp-Meier&#8221; open_toggle_text_color=&#8221;#000000&#8243; open_toggle_background_color=&#8221;#ffffff&#8221; _builder_version=&#8221;4.27.4&#8243; body_text_color=&#8221;#595959&#8243; body_font_size=&#8221;18px&#8221; global_colors_info=&#8221;{}&#8221; open=&#8221;off&#8221;]<\/p>\n<p>Krankenhaus St. Elisabeth<br \/>Elisabethenstra\u00dfe 15<br \/>88212 Ravensburg<\/p>\n<p>Fon: +49 751 87-2447<\/p>\n<p>[\/et_pb_accordion_item][et_pb_accordion_item title=&#8221;Prof. Dr. Lars Christian Hanker&#8221; open_toggle_text_color=&#8221;#000000&#8243; open_toggle_background_color=&#8221;#ffffff&#8221; _builder_version=&#8221;4.27.4&#8243; body_text_color=&#8221;#595959&#8243; body_font_size=&#8221;18px&#8221; global_colors_info=&#8221;{}&#8221; open=&#8221;off&#8221;]<\/p>\n<p>Klinik f\u00fcr Gyn\u00e4kologie und Geburtshilfe<br \/>Universit\u00e4tsklinikum M\u00fcnster<br \/>Albert-Schweitzer-Campus 1<br \/>48149 M\u00fcnster<\/p>\n<p>Fon: +49 251 83 48201<\/p>\n<p>&nbsp;<\/p>\n<p>Speaker of the Uterus Board<\/p>\n<p>[\/et_pb_accordion_item][et_pb_accordion_item title=&#8221;Prof. Dr. Philipp Harter&#8221; open_toggle_text_color=&#8221;#000000&#8243; open_toggle_background_color=&#8221;#ffffff&#8221; _builder_version=&#8221;4.27.4&#8243; body_text_color=&#8221;#595959&#8243; body_font_size=&#8221;18px&#8221; global_colors_info=&#8221;{}&#8221; open=&#8221;off&#8221;]<\/p>\n<p>Evang. Kliniken Essen-Mitte<\/p>\n<p>Klinik f\u00fcr Gyn\u00e4kologische Onkologie<br \/>Henricistra\u00dfe 92<br \/>45136 Essen<\/p>\n<p>Fon: +49 201 174 34002<\/p>\n<p>Speaker of the Executive Board<\/p>\n<p>[\/et_pb_accordion_item][et_pb_accordion_item title=&#8221;Prof. Dr. Anette Hasenburg&#8221; open_toggle_text_color=&#8221;#000000&#8243; open_toggle_background_color=&#8221;#ffffff&#8221; _builder_version=&#8221;4.27.4&#8243; body_text_color=&#8221;#595959&#8243; body_font_size=&#8221;18px&#8221; global_colors_info=&#8221;{}&#8221; open=&#8221;off&#8221;]<\/p>\n<p>Johannes Gutenberg Universit\u00e4t<\/p>\n<p>Klinik und Poliklinik f\u00fcr Geburtshilfe und Frauenkrankheiten<br \/>Langenbeckstra\u00dfe 1<br \/>55131 Mainz<\/p>\n<p>Fon: +49 6131 17-7311<\/p>\n<p>Speaker of the Rare Tumors Board<\/p>\n<p>[\/et_pb_accordion_item][et_pb_accordion_item title=&#8221;PD Dr. Florian Heitz&#8221; open_toggle_text_color=&#8221;#000000&#8243; open_toggle_background_color=&#8221;#ffffff&#8221; _builder_version=&#8221;4.27.4&#8243; body_text_color=&#8221;#595959&#8243; body_font_size=&#8221;18px&#8221; global_colors_info=&#8221;{}&#8221; open=&#8221;off&#8221;]<\/p>\n<p>Evang. Kliniken Essen-Mitte<\/p>\n<p>Klinik f\u00fcr Gyn\u00e4kologische Onkologie<br \/>Henricistra\u00dfe 92<br \/>45136 Essen<\/p>\n<p>Fon: +49 201 174 34002<\/p>\n<p>[\/et_pb_accordion_item][et_pb_accordion_item title=&#8221;Dr. Franziska Hemptenmacher&#8221; open_toggle_text_color=&#8221;#000000&#8243; open_toggle_background_color=&#8221;#ffffff&#8221; _builder_version=&#8221;4.27.4&#8243; body_text_color=&#8221;#595959&#8243; body_font_size=&#8221;18px&#8221; global_colors_info=&#8221;{}&#8221; open=&#8221;off&#8221;]<\/p>\n<p>Universit\u00e4tsklinikum Schleswig-Holstein<br \/>Campus L\u00fcbeck<br \/>Klinik f\u00fcr Frauenheilkunde und Geburtshilfe<br \/>Ratzeburger Allee 160<br \/>23562 L\u00fcbeck<\/p>\n<p>Fon: +49 451 500-41700<\/p>\n<p>[\/et_pb_accordion_item][et_pb_accordion_item title=&#8221;Prof. Dr. Dr. Sabine Heublein&#8221; open_toggle_text_color=&#8221;#000000&#8243; open_toggle_background_color=&#8221;#ffffff&#8221; _builder_version=&#8221;4.27.4&#8243; body_text_color=&#8221;#595959&#8243; body_font_size=&#8221;18px&#8221; global_colors_info=&#8221;{}&#8221; open=&#8221;off&#8221;]<\/p>\n<div class=\"et_pb_toggle_content clearfix\" style=\"display: block;\">\n<p>Universit\u00e4tsklinikum Ulm<br \/>Klinik f\u00fcr Frauenheilkunde und Geburtshilfe<br \/>Prittwitzstra\u00dfe 43<br \/>89075 Ulm<\/p>\n<p>Fon: +49 731 500-58900<\/p>\n<\/div>\n<p>[\/et_pb_accordion_item][et_pb_accordion_item title=&#8221;Prof. Dr. Peter Hillemanns&#8221; open_toggle_text_color=&#8221;#000000&#8243; open_toggle_background_color=&#8221;#ffffff&#8221; _builder_version=&#8221;4.27.4&#8243; body_text_color=&#8221;#595959&#8243; body_font_size=&#8221;18px&#8221; global_colors_info=&#8221;{}&#8221; open=&#8221;off&#8221;]<\/p>\n<p>MHH-Zentrum f\u00fcr Frauenheilkunde<br \/>Carl-Neuberg-Stra\u00dfe 1<br \/>30625 Hannover<\/p>\n<p>Fon: +49 511 532-6144<\/p>\n<p>[\/et_pb_accordion_item][et_pb_accordion_item title=&#8221;Prof. Dr. Felix Hilpert&#8221; open_toggle_text_color=&#8221;#000000&#8243; open_toggle_background_color=&#8221;#ffffff&#8221; _builder_version=&#8221;4.27.4&#8243; body_text_color=&#8221;#595959&#8243; body_font_size=&#8221;18px&#8221; global_colors_info=&#8221;{}&#8221; open=&#8221;off&#8221;]<\/p>\n<p>Onkologisches Therapiezentrum<br \/>am Krankenhaus Jerusalem<br \/>Moorkamp 2 &#8211; 6<br \/>20357 Hamburg<\/p>\n<p>Fon: +49 40 44190550<\/p>\n<p>[\/et_pb_accordion_item][et_pb_accordion_item title=&#8221;Prof. Dr. R\u00fcdiger Klapdor&#8221; open_toggle_text_color=&#8221;#000000&#8243; open_toggle_background_color=&#8221;#ffffff&#8221; _builder_version=&#8221;4.27.4&#8243; body_text_color=&#8221;#595959&#8243; body_font_size=&#8221;18px&#8221; global_colors_info=&#8221;{}&#8221; open=&#8221;off&#8221;]<\/p>\n<p>Albertinen Krankenhaus<br \/>Gyn\u00e4kologie<br \/>S\u00fcntelstr. 11a<br \/>22457 Hamburg<\/p>\n<p>Fon: +49 40 4488-2293<\/p>\n<p>[\/et_pb_accordion_item][et_pb_accordion_item title=&#8221;Prof. Dr. Stefan Kommoss&#8221; open_toggle_text_color=&#8221;#000000&#8243; open_toggle_background_color=&#8221;#ffffff&#8221; _builder_version=&#8221;4.27.4&#8243; body_text_color=&#8221;#595959&#8243; body_font_size=&#8221;18px&#8221; global_colors_info=&#8221;{}&#8221; open=&#8221;off&#8221;]<\/p>\n<p>Diakonie-Klinikum Schw\u00e4bisch Hall gGmbH<br \/>Frauenklinik<br \/>Diakoniestra\u00dfe 10<br \/>74523 Schw\u00e4bisch Hall<\/p>\n<p>Fon +49 791 4605<\/p>\n<p>[\/et_pb_accordion_item][et_pb_accordion_item title=&#8221;Dr. Jens Kosse&#8221; open_toggle_text_color=&#8221;#000000&#8243; open_toggle_background_color=&#8221;#ffffff&#8221; _builder_version=&#8221;4.27.4&#8243; body_text_color=&#8221;#595959&#8243; body_font_size=&#8221;18px&#8221; global_colors_info=&#8221;{}&#8221; open=&#8221;off&#8221;]<\/p>\n<p>Klinikum Hanau GmbH<br \/>Gyn\u00e4kologie und Geburtshilfe<br \/>Leimenstra\u00dfe 20<br \/>63450 Hanau<\/p>\n<p>Fon: +49 6181 296-2510<\/p>\n<p>[\/et_pb_accordion_item][et_pb_accordion_item title=&#8221;Prof. Dr. Sven Mahner&#8221; open_toggle_text_color=&#8221;#000000&#8243; open_toggle_background_color=&#8221;#ffffff&#8221; _builder_version=&#8221;4.27.4&#8243; body_text_color=&#8221;#595959&#8243; body_font_size=&#8221;18px&#8221; global_colors_info=&#8221;{}&#8221; open=&#8221;off&#8221;]<\/p>\n<p>LMU Klinikum<\/p>\n<p>Klinik und Poliklinik f\u00fcr Frauenheilunde und Geburtshilfe<br \/>Marchioninistr.15<br \/>81377 M\u00fcnchen<\/p>\n<p>Fon: +49 89 4400\u201374531<\/p>\n<p>Deputy Speaker of the Executive Board<\/p>\n<p>[\/et_pb_accordion_item][et_pb_accordion_item title=&#8221;Prof. Dr. Frederik Marm\u00e9&#8221; open_toggle_text_color=&#8221;#000000&#8243; open_toggle_background_color=&#8221;#ffffff&#8221; _builder_version=&#8221;4.27.4&#8243; body_text_color=&#8221;#595959&#8243; body_font_size=&#8221;18px&#8221; global_colors_info=&#8221;{}&#8221; open=&#8221;off&#8221;]<\/p>\n<p>Universit\u00e4tsklinikum Mannheim<br \/>Frauenklinik<br \/>Theodor-Kutzer-Ufer 1 &#8211; 3<br \/>68167 Mannheim<\/p>\n<p>Fon: +49 621 383 3452<\/p>\n<p>Deputy Speaker of the Executive Board<\/p>\n<p>[\/et_pb_accordion_item][et_pb_accordion_item title=&#8221;Prof. Dr. Barbara Schmalfeldt&#8221; open_toggle_text_color=&#8221;#000000&#8243; open_toggle_background_color=&#8221;#ffffff&#8221; _builder_version=&#8221;4.27.4&#8243; body_text_color=&#8221;#595959&#8243; body_font_size=&#8221;18px&#8221; global_colors_info=&#8221;{}&#8221; open=&#8221;off&#8221;]<\/p>\n<p>Universit\u00e4tsklinikum Hamburg-Eppendorf<br \/>Klinik und Poliklinik f\u00fcr Gyn\u00e4kologie<br \/>Martinistra\u00dfe 52<br \/>20246 Hamburg<\/p>\n<p>Fon: +49 40 7410-52510<\/p>\n<p>[\/et_pb_accordion_item][et_pb_accordion_item title=&#8221;Prof. Dr. Jalid Sehouli&#8221; open_toggle_text_color=&#8221;#000000&#8243; open_toggle_background_color=&#8221;#ffffff&#8221; _builder_version=&#8221;4.27.4&#8243; body_text_color=&#8221;#595959&#8243; body_font_size=&#8221;18px&#8221; global_colors_info=&#8221;{}&#8221; open=&#8221;off&#8221;]<\/p>\n<p>Klinik f\u00fcr Frauenheilkunde und Geburtshilfe<\/p>\n<p>Charit\u00e9 Campus Virchow-Klinikum<br \/>Augustenburger Platz 1<br \/>13355 Berlin<\/p>\n<p>Fon: +49 30 450-50<\/p>\n<p>[\/et_pb_accordion_item][et_pb_accordion_item title=&#8221;Prof. Dr. Fabinshy Thangarajah&#8221; open_toggle_text_color=&#8221;#000000&#8243; open_toggle_background_color=&#8221;#ffffff&#8221; _builder_version=&#8221;4.27.4&#8243; body_text_color=&#8221;#595959&#8243; body_font_size=&#8221;18px&#8221; global_colors_info=&#8221;{}&#8221; open=&#8221;off&#8221;]<\/p>\n<p>Universit\u00e4tsmedizin Essen<br \/>Klinik f\u00fcr Frauenheilkunde<br \/>und Geburtshilfe<br \/>Hufelandstra\u00dfe 55<br \/>45147 Essen<\/p>\n<p>Fon: +49 723-3570<\/p>\n<p>[\/et_pb_accordion_item][et_pb_accordion_item title=&#8221;Prof. Dr. Fabian Trillsch&#8221; open_toggle_text_color=&#8221;#000000&#8243; open_toggle_background_color=&#8221;#ffffff&#8221; _builder_version=&#8221;4.27.4&#8243; body_text_color=&#8221;#595959&#8243; body_font_size=&#8221;18px&#8221; global_colors_info=&#8221;{}&#8221; open=&#8221;off&#8221;]<\/p>\n<p>LMU Klinikum<\/p>\n<p>Klinik und Poliklinik f\u00fcr Frauenheilkunde und Geburtshilfe \u2013 Gro\u00dfhadern<br \/>Marchioninistra\u00dfe 15<br \/>81377 M\u00fcnchen<\/p>\n<p>Fon: +49 89 7095-0<\/p>\n<p>[\/et_pb_accordion_item][et_pb_accordion_item title=&#8221;Dr. Christina Westhoff&#8221; open_toggle_text_color=&#8221;#000000&#8243; open_toggle_background_color=&#8221;#ffffff&#8221; _builder_version=&#8221;4.27.4&#8243; body_text_color=&#8221;#595959&#8243; body_font_size=&#8221;18px&#8221; global_colors_info=&#8221;{}&#8221; open=&#8221;off&#8221;]<\/p>\n<p>Institut f\u00fcr Pathologie<br \/>UKGM &#8211; Universit\u00e4tsklinikum Marburg<br \/>Philipps-Universit\u00e4t Marburg<br \/>Baldingerstra\u00dfe 1<br \/>35043 Marburg<\/p>\n<p>Fon: +49 6421 &#8211; 586 2429<\/p>\n<p>[\/et_pb_accordion_item][et_pb_accordion_item title=&#8221;Prof. Dr. Pauline Wimberger&#8221; open_toggle_text_color=&#8221;#000000&#8243; open_toggle_background_color=&#8221;#ffffff&#8221; _builder_version=&#8221;4.27.4&#8243; body_text_color=&#8221;#595959&#8243; body_font_size=&#8221;18px&#8221; global_colors_info=&#8221;{}&#8221; open=&#8221;off&#8221;]<\/p>\n<p>Klinik und Poliklinik f\u00fcr Frauenheilkunde und Geburtshilfe<\/p>\n<p>Universit\u00e4tsklinikum Carl Gustav Carus Dresden an der Technischen Universit\u00e4t Dresden<br \/>Fetscherstra\u00dfe 74<br \/>01307 Dresden<\/p>\n<p>Fon: 49 351 458-3420<\/p>\n<p>[\/et_pb_accordion_item][et_pb_accordion_item title=&#8221;Prof. Dr. Linn W\u00f6lber&#8221; open_toggle_text_color=&#8221;#000000&#8243; open_toggle_background_color=&#8221;#ffffff&#8221; _builder_version=&#8221;4.27.4&#8243; body_text_color=&#8221;#595959&#8243; body_font_size=&#8221;18px&#8221; global_colors_info=&#8221;{}&#8221; open=&#8221;off&#8221;]<\/p>\n<p>Universit\u00e4tsklinikum Hamburg-Eppendorf<\/p>\n<p>Klinik und Poliklinik f\u00fcr Gyn\u00e4kologie<br \/>Martinistra\u00dfe 52<br \/>20246 Hamburg<\/p>\n<p>Fon: +49 40 42803-0<\/p>\n<p>Speaker of the Vulva Board<\/p>\n<p>[\/et_pb_accordion_item][et_pb_accordion_item title=&#8221;Prof. Dr. Oliver Zivanovic&#8221; open_toggle_text_color=&#8221;#000000&#8243; open_toggle_background_color=&#8221;#ffffff&#8221; _builder_version=&#8221;4.27.4&#8243; body_text_color=&#8221;#595959&#8243; body_font_size=&#8221;18px&#8221; global_colors_info=&#8221;{}&#8221; open=&#8221;off&#8221;]<\/p>\n<p>Universit\u00e4ts-Frauenklinik<br \/>Im Neuenheimer Feld 440<br \/>69120 Heidelberg<\/p>\n<p>Fon: +49 6221 56 7901<\/p>\n<p>[\/et_pb_accordion_item][\/et_pb_accordion][\/et_pb_column_inner][\/et_pb_row_inner][\/et_pb_column][et_pb_column type=&#8221;1_4&#8243; _builder_version=&#8221;4.16&#8243; custom_padding=&#8221;|||&#8221; global_colors_info=&#8221;{}&#8221; custom_padding__hover=&#8221;|||&#8221;][et_pb_sidebar area=&#8221;et_pb_widget_area_1&#8243; show_border=&#8221;off&#8221; admin_label=&#8221;Seitenleiste&#8221; _builder_version=&#8221;4.16&#8243; header_text_color=&#8221;#000000&#8243; body_font=&#8221;|700|||||||&#8221; body_text_color=&#8221;#ef5b21&#8243; background_color=&#8221;rgba(255,255,255,0.6)&#8221; background_enable_color=&#8221;off&#8221; min_height=&#8221;257px&#8221; custom_padding=&#8221;8%|4%|4%|8%|false|false&#8221; saved_tabs=&#8221;all&#8221; global_colors_info=&#8221;{}&#8221;][\/et_pb_sidebar][\/et_pb_column][\/et_pb_section]<\/p>\n","protected":false},"excerpt":{"rendered":"<p>Members of the Study Coordinating GroupUniversit\u00e4tsklinikum JenaKlinik und Poliklinik f\u00fcr Frauenheilkunde und FortpflanzungsmedizinAm Klinikum 107747 Jena Fon: +49 3641 9 32 91 01Klinik f\u00fcr Frauenheilkunde und Geburtshilfe Charit\u00e9 &#8211; Campus Virchow-KlinikumAugustenburger Platz 113355 Berlin Fon: +49 30 450-50Technische Universit\u00e4t M\u00fcnchen Klinikum rechts der Isar Frauenklinik und PoliklinikIsmaninger Stra\u00dfe 2281675 M\u00fcnchen Fon: +49 89 4140-5414LMU Klinikum [&hellip;]<\/p>\n","protected":false},"author":2,"featured_media":0,"parent":792,"menu_order":40,"comment_status":"closed","ping_status":"closed","template":"","meta":{"_et_pb_use_builder":"on","_et_pb_old_content":"","_et_gb_content_width":"","footnotes":""},"class_list":["post-823","page","type-page","status-publish","hentry"],"_links":{"self":[{"href":"https:\/\/ago-ovar.de\/en\/wp-json\/wp\/v2\/pages\/823","targetHints":{"allow":["GET"]}}],"collection":[{"href":"https:\/\/ago-ovar.de\/en\/wp-json\/wp\/v2\/pages"}],"about":[{"href":"https:\/\/ago-ovar.de\/en\/wp-json\/wp\/v2\/types\/page"}],"author":[{"embeddable":true,"href":"https:\/\/ago-ovar.de\/en\/wp-json\/wp\/v2\/users\/2"}],"replies":[{"embeddable":true,"href":"https:\/\/ago-ovar.de\/en\/wp-json\/wp\/v2\/comments?post=823"}],"version-history":[{"count":48,"href":"https:\/\/ago-ovar.de\/en\/wp-json\/wp\/v2\/pages\/823\/revisions"}],"predecessor-version":[{"id":2437,"href":"https:\/\/ago-ovar.de\/en\/wp-json\/wp\/v2\/pages\/823\/revisions\/2437"}],"up":[{"embeddable":true,"href":"https:\/\/ago-ovar.de\/en\/wp-json\/wp\/v2\/pages\/792"}],"wp:attachment":[{"href":"https:\/\/ago-ovar.de\/en\/wp-json\/wp\/v2\/media?parent=823"}],"curies":[{"name":"wp","href":"https:\/\/api.w.org\/{rel}","templated":true}]}}